{"id":2137,"date":"2024-01-16T09:43:42","date_gmt":"2024-01-16T09:43:42","guid":{"rendered":"https:\/\/solutions.unex.net\/?post_type=product&#038;p=2137"},"modified":"2024-03-12T12:23:47","modified_gmt":"2024-03-12T12:23:47","slug":"cpd-caminhos-de-cabos-isolantes-tipo-escada-67","status":"publish","type":"product","link":"https:\/\/solutions.unex.net\/pt\/product\/cpd-caminhos-de-cabos-isolantes-tipo-escada-67\/","title":{"rendered":"Caminho de cabos isolantes tipo escada 67"},"content":{"rendered":"","protected":true},"featured_media":2655,"template":"","category-product":[48],"class_list":["post-2137","product","type-product","status-publish","post-password-required","hentry","category-product-data-solutions"],"acf":[],"yoast_head":"<!-- This site is optimized with the Yoast SEO plugin v27.3 - https:\/\/yoast.com\/product\/yoast-seo-wordpress\/ -->\n<title>Caminhos de cabos isolantes tipo escada 67 Unex para Data Centers<\/title>\n<meta name=\"description\" content=\"Caminho de cabos isolante tipo escada para interior e exterior. Resistente \u00e0 corros\u00e3o e aos raios UV. Seguran\u00e7a el\u00e9trica. Sem manuten\u00e7\u00e3o.\" \/>\n<meta name=\"robots\" content=\"noindex, follow, max-snippet:-1, max-image-preview:large, max-video-preview:-1\" \/>\n<meta property=\"og:locale\" content=\"pt_PT\" \/>\n<meta property=\"og:type\" content=\"article\" \/>\n<meta property=\"og:title\" content=\"Caminhos de cabos isolantes tipo escada 67 Unex para Data Centers\" \/>\n<meta property=\"og:description\" content=\"Caminho de cabos isolante tipo escada para interior e exterior. Resistente \u00e0 corros\u00e3o e aos raios UV. Seguran\u00e7a el\u00e9trica. Sem manuten\u00e7\u00e3o.\" \/>\n<meta property=\"og:url\" content=\"https:\/\/solutions.unex.net\/pt\/product\/cpd-caminhos-de-cabos-isolantes-tipo-escada-67\/\" \/>\n<meta property=\"og:site_name\" content=\"Unex\" \/>\n<meta property=\"article:modified_time\" content=\"2024-03-12T12:23:47+00:00\" \/>\n<meta name=\"twitter:card\" content=\"summary_large_image\" \/>\n<meta name=\"twitter:label1\" content=\"Est. reading time\" \/>\n\t<meta name=\"twitter:data1\" content=\"2 minutes\" \/>\n<script type=\"application\/ld+json\" class=\"yoast-schema-graph\">{\"@context\":\"https:\\\/\\\/schema.org\",\"@graph\":[{\"@type\":\"WebPage\",\"@id\":\"https:\\\/\\\/solutions.unex.net\\\/pt\\\/product\\\/cpd-caminhos-de-cabos-isolantes-tipo-escada-67\\\/\",\"url\":\"https:\\\/\\\/solutions.unex.net\\\/pt\\\/product\\\/cpd-caminhos-de-cabos-isolantes-tipo-escada-67\\\/\",\"name\":\"Caminhos de cabos isolantes tipo escada 67 Unex para Data Centers\",\"isPartOf\":{\"@id\":\"https:\\\/\\\/solutions.unex.net\\\/pt\\\/#website\"},\"datePublished\":\"2024-01-16T09:43:42+00:00\",\"dateModified\":\"2024-03-12T12:23:47+00:00\",\"breadcrumb\":{\"@id\":\"https:\\\/\\\/solutions.unex.net\\\/pt\\\/product\\\/cpd-caminhos-de-cabos-isolantes-tipo-escada-67\\\/#breadcrumb\"},\"inLanguage\":\"pt\"},{\"@type\":\"WebSite\",\"@id\":\"https:\\\/\\\/solutions.unex.net\\\/pt\\\/#website\",\"url\":\"https:\\\/\\\/solutions.unex.net\\\/pt\\\/\",\"name\":\"Unex\",\"description\":\"Just another WordPress site\",\"potentialAction\":[{\"@type\":\"SearchAction\",\"target\":{\"@type\":\"EntryPoint\",\"urlTemplate\":\"https:\\\/\\\/solutions.unex.net\\\/pt\\\/?s={search_term_string}\"},\"query-input\":{\"@type\":\"PropertyValueSpecification\",\"valueRequired\":true,\"valueName\":\"search_term_string\"}}],\"inLanguage\":\"pt\"}]}<\/script>\n<!-- \/ Yoast SEO plugin. -->","yoast_head_json":{"title":"Caminhos de cabos isolantes tipo escada 67 Unex para Data Centers","description":"Caminho de cabos isolante tipo escada para interior e exterior. Resistente \u00e0 corros\u00e3o e aos raios UV. Seguran\u00e7a el\u00e9trica. Sem manuten\u00e7\u00e3o.","robots":{"index":"noindex","follow":"follow","max-snippet":"max-snippet:-1","max-image-preview":"max-image-preview:large","max-video-preview":"max-video-preview:-1"},"og_locale":"pt_PT","og_type":"article","og_title":"Caminhos de cabos isolantes tipo escada 67 Unex para Data Centers","og_description":"Caminho de cabos isolante tipo escada para interior e exterior. Resistente \u00e0 corros\u00e3o e aos raios UV. Seguran\u00e7a el\u00e9trica. Sem manuten\u00e7\u00e3o.","og_url":"https:\/\/solutions.unex.net\/pt\/product\/cpd-caminhos-de-cabos-isolantes-tipo-escada-67\/","og_site_name":"Unex","article_modified_time":"2024-03-12T12:23:47+00:00","twitter_card":"summary_large_image","twitter_misc":{"Est. reading time":"2 minutes"},"schema":{"@context":"https:\/\/schema.org","@graph":[{"@type":"WebPage","@id":"https:\/\/solutions.unex.net\/pt\/product\/cpd-caminhos-de-cabos-isolantes-tipo-escada-67\/","url":"https:\/\/solutions.unex.net\/pt\/product\/cpd-caminhos-de-cabos-isolantes-tipo-escada-67\/","name":"Caminhos de cabos isolantes tipo escada 67 Unex para Data Centers","isPartOf":{"@id":"https:\/\/solutions.unex.net\/pt\/#website"},"datePublished":"2024-01-16T09:43:42+00:00","dateModified":"2024-03-12T12:23:47+00:00","breadcrumb":{"@id":"https:\/\/solutions.unex.net\/pt\/product\/cpd-caminhos-de-cabos-isolantes-tipo-escada-67\/#breadcrumb"},"inLanguage":"pt"},{"@type":"WebSite","@id":"https:\/\/solutions.unex.net\/pt\/#website","url":"https:\/\/solutions.unex.net\/pt\/","name":"Unex","description":"Just another WordPress site","potentialAction":[{"@type":"SearchAction","target":{"@type":"EntryPoint","urlTemplate":"https:\/\/solutions.unex.net\/pt\/?s={search_term_string}"},"query-input":{"@type":"PropertyValueSpecification","valueRequired":true,"valueName":"search_term_string"}}],"inLanguage":"pt"}]}},"_links":{"self":[{"href":"https:\/\/solutions.unex.net\/pt\/wp-json\/wp\/v2\/product\/2137","targetHints":{"allow":["GET"]}}],"collection":[{"href":"https:\/\/solutions.unex.net\/pt\/wp-json\/wp\/v2\/product"}],"about":[{"href":"https:\/\/solutions.unex.net\/pt\/wp-json\/wp\/v2\/types\/product"}],"wp:featuredmedia":[{"embeddable":true,"href":"https:\/\/solutions.unex.net\/pt\/wp-json\/wp\/v2\/media\/2655"}],"wp:attachment":[{"href":"https:\/\/solutions.unex.net\/pt\/wp-json\/wp\/v2\/media?parent=2137"}],"wp:term":[{"taxonomy":"category-product","embeddable":true,"href":"https:\/\/solutions.unex.net\/pt\/wp-json\/wp\/v2\/category-product?post=2137"}],"curies":[{"name":"wp","href":"https:\/\/api.w.org\/{rel}","templated":true}]}}