{"id":1271,"date":"2023-05-31T07:08:33","date_gmt":"2023-05-31T07:08:33","guid":{"rendered":"https:\/\/solutions.unex.net\/product\/soporte-para-azotea\/"},"modified":"2023-11-15T14:33:30","modified_gmt":"2023-11-15T14:33:30","slug":"pv-suporte-para-cobertura-60","status":"publish","type":"product","link":"https:\/\/solutions.unex.net\/pt\/product\/pv-suporte-para-cobertura-60\/","title":{"rendered":"Suportes para cobertura 60"},"content":{"rendered":"<p>Suportes para cobertura desenhados para uso em coberturas planas.<\/p>\n<p>Benef\u00edcios e caracter\u00edsticas t\u00e9cnicas dos suportes para cobertura Unex em instala\u00e7\u00f5es fotovoltaicas:<\/p>\n<ul>\n<li>Suportes lastrados que se fornecem \u201cpronto a instalar\u201d: instala\u00e7\u00e3o f\u00e1cil e r\u00e1pida.<\/li>\n<li>Sem necessidade de fixar ao ch\u00e3o nem furar a cobertura: mant\u00eam-se no lugar gra\u00e7as ao seu pr\u00f3prio peso.<\/li>\n<li>Resistentes \u00e0 corros\u00e3o e aos raios UV.<\/li>\n<li>Compat\u00edveis com caminhos de cabos isolantes, caminhos de cabos isolantes tipo escadas e tubos.<\/li>\n<li>Dispon\u00edveis em duas medidas.<\/li>\n<li><a href=\"https:\/\/www.unex.net\/PT\/produtos\/Caminhos_de_cabos_isolantes_66\/U23X_cor_cinzento\/NOVO_-_Suporte_para_cobertura_Unex_150_mm_em_U48X\/60155-48\" target=\"_blank\" rel=\"noopener\">Ref. 60155-48: 150x110x85 mm<\/a><\/li>\n<li><a href=\"https:\/\/www.unex.net\/PT\/produtos\/Caminhos_de_cabos_isolantes_66\/U23X_cor_cinzento\/NOVO_-_Suporte_para_cobertura_Unex_300_mm_em_U48X\/60305-48\" target=\"_blank\" rel=\"noopener\">Ref. 60305-48: 300x150x85 mm<\/a><\/li>\n<\/ul>\n","protected":false},"featured_media":1273,"template":"","category-product":[49],"class_list":["post-1271","product","type-product","status-publish","has-post-thumbnail","hentry","category-product-fotovoltaico"],"acf":[],"yoast_head":"<!-- This site is optimized with the Yoast SEO plugin v27.5 - https:\/\/yoast.com\/product\/yoast-seo-wordpress\/ -->\n<title>Suportes para cobertura 66 Unex para instala\u00e7\u00f5es fotovoltaicas<\/title>\n<meta name=\"description\" content=\"Suportes lastrados para uso em instala\u00e7\u00f5es fotovoltaicas em coberturas planas. Montagem sem necessidade de furar a cobertura.\" \/>\n<meta name=\"robots\" content=\"noindex, follow, max-snippet:-1, max-image-preview:large, max-video-preview:-1\" \/>\n<meta property=\"og:locale\" content=\"pt_PT\" \/>\n<meta property=\"og:type\" content=\"article\" \/>\n<meta property=\"og:title\" content=\"Suportes para cobertura 66 Unex para instala\u00e7\u00f5es fotovoltaicas\" \/>\n<meta property=\"og:description\" content=\"Suportes lastrados para uso em instala\u00e7\u00f5es fotovoltaicas em coberturas planas. Montagem sem necessidade de furar a cobertura.\" \/>\n<meta property=\"og:url\" content=\"https:\/\/solutions.unex.net\/pt\/product\/pv-suporte-para-cobertura-60\/\" \/>\n<meta property=\"og:site_name\" content=\"Unex\" \/>\n<meta property=\"article:modified_time\" content=\"2023-11-15T14:33:30+00:00\" \/>\n<meta property=\"og:image\" content=\"https:\/\/solutions.unex.net\/wp-content\/uploads\/2023\/05\/unnamed.jpg\" \/>\n\t<meta property=\"og:image:width\" content=\"1054\" \/>\n\t<meta property=\"og:image:height\" content=\"1000\" \/>\n\t<meta property=\"og:image:type\" content=\"image\/jpeg\" \/>\n<meta name=\"twitter:card\" content=\"summary_large_image\" \/>\n<meta name=\"twitter:label1\" content=\"Est. reading time\" \/>\n\t<meta name=\"twitter:data1\" content=\"1 minute\" \/>\n<script type=\"application\/ld+json\" class=\"yoast-schema-graph\">{\"@context\":\"https:\\\/\\\/schema.org\",\"@graph\":[{\"@type\":\"WebPage\",\"@id\":\"https:\\\/\\\/solutions.unex.net\\\/pt\\\/product\\\/pv-suporte-para-cobertura-60\\\/\",\"url\":\"https:\\\/\\\/solutions.unex.net\\\/pt\\\/product\\\/pv-suporte-para-cobertura-60\\\/\",\"name\":\"Suportes para cobertura 66 Unex para instala\u00e7\u00f5es fotovoltaicas\",\"isPartOf\":{\"@id\":\"https:\\\/\\\/solutions.unex.net\\\/pt\\\/#website\"},\"primaryImageOfPage\":{\"@id\":\"https:\\\/\\\/solutions.unex.net\\\/pt\\\/product\\\/pv-suporte-para-cobertura-60\\\/#primaryimage\"},\"image\":{\"@id\":\"https:\\\/\\\/solutions.unex.net\\\/pt\\\/product\\\/pv-suporte-para-cobertura-60\\\/#primaryimage\"},\"thumbnailUrl\":\"https:\\\/\\\/solutions.unex.net\\\/wp-content\\\/uploads\\\/2023\\\/05\\\/unnamed.jpg\",\"datePublished\":\"2023-05-31T07:08:33+00:00\",\"dateModified\":\"2023-11-15T14:33:30+00:00\",\"description\":\"Suportes lastrados para uso em instala\u00e7\u00f5es fotovoltaicas em coberturas planas. Montagem sem necessidade de furar a cobertura.\",\"breadcrumb\":{\"@id\":\"https:\\\/\\\/solutions.unex.net\\\/pt\\\/product\\\/pv-suporte-para-cobertura-60\\\/#breadcrumb\"},\"inLanguage\":\"pt\",\"potentialAction\":[{\"@type\":\"ReadAction\",\"target\":[\"https:\\\/\\\/solutions.unex.net\\\/pt\\\/product\\\/pv-suporte-para-cobertura-60\\\/\"]}]},{\"@type\":\"ImageObject\",\"inLanguage\":\"pt\",\"@id\":\"https:\\\/\\\/solutions.unex.net\\\/pt\\\/product\\\/pv-suporte-para-cobertura-60\\\/#primaryimage\",\"url\":\"https:\\\/\\\/solutions.unex.net\\\/wp-content\\\/uploads\\\/2023\\\/05\\\/unnamed.jpg\",\"contentUrl\":\"https:\\\/\\\/solutions.unex.net\\\/wp-content\\\/uploads\\\/2023\\\/05\\\/unnamed.jpg\",\"width\":1054,\"height\":1000},{\"@type\":\"BreadcrumbList\",\"@id\":\"https:\\\/\\\/solutions.unex.net\\\/pt\\\/product\\\/pv-suporte-para-cobertura-60\\\/#breadcrumb\",\"itemListElement\":[{\"@type\":\"ListItem\",\"position\":1,\"name\":\"Home\",\"item\":\"https:\\\/\\\/solutions.unex.net\\\/pt\\\/\"},{\"@type\":\"ListItem\",\"position\":2,\"name\":\"Product\",\"item\":\"https:\\\/\\\/solutions.unex.net\\\/pt\\\/product\\\/\"},{\"@type\":\"ListItem\",\"position\":3,\"name\":\"Suportes para cobertura 60\"}]},{\"@type\":\"WebSite\",\"@id\":\"https:\\\/\\\/solutions.unex.net\\\/pt\\\/#website\",\"url\":\"https:\\\/\\\/solutions.unex.net\\\/pt\\\/\",\"name\":\"Unex\",\"description\":\"Just another WordPress site\",\"potentialAction\":[{\"@type\":\"SearchAction\",\"target\":{\"@type\":\"EntryPoint\",\"urlTemplate\":\"https:\\\/\\\/solutions.unex.net\\\/pt\\\/?s={search_term_string}\"},\"query-input\":{\"@type\":\"PropertyValueSpecification\",\"valueRequired\":true,\"valueName\":\"search_term_string\"}}],\"inLanguage\":\"pt\"}]}<\/script>\n<!-- \/ Yoast SEO plugin. -->","yoast_head_json":{"title":"Suportes para cobertura 66 Unex para instala\u00e7\u00f5es fotovoltaicas","description":"Suportes lastrados para uso em instala\u00e7\u00f5es fotovoltaicas em coberturas planas. Montagem sem necessidade de furar a cobertura.","robots":{"index":"noindex","follow":"follow","max-snippet":"max-snippet:-1","max-image-preview":"max-image-preview:large","max-video-preview":"max-video-preview:-1"},"og_locale":"pt_PT","og_type":"article","og_title":"Suportes para cobertura 66 Unex para instala\u00e7\u00f5es fotovoltaicas","og_description":"Suportes lastrados para uso em instala\u00e7\u00f5es fotovoltaicas em coberturas planas. Montagem sem necessidade de furar a cobertura.","og_url":"https:\/\/solutions.unex.net\/pt\/product\/pv-suporte-para-cobertura-60\/","og_site_name":"Unex","article_modified_time":"2023-11-15T14:33:30+00:00","og_image":[{"width":1054,"height":1000,"url":"https:\/\/solutions.unex.net\/wp-content\/uploads\/2023\/05\/unnamed.jpg","type":"image\/jpeg"}],"twitter_card":"summary_large_image","twitter_misc":{"Est. reading time":"1 minute"},"schema":{"@context":"https:\/\/schema.org","@graph":[{"@type":"WebPage","@id":"https:\/\/solutions.unex.net\/pt\/product\/pv-suporte-para-cobertura-60\/","url":"https:\/\/solutions.unex.net\/pt\/product\/pv-suporte-para-cobertura-60\/","name":"Suportes para cobertura 66 Unex para instala\u00e7\u00f5es fotovoltaicas","isPartOf":{"@id":"https:\/\/solutions.unex.net\/pt\/#website"},"primaryImageOfPage":{"@id":"https:\/\/solutions.unex.net\/pt\/product\/pv-suporte-para-cobertura-60\/#primaryimage"},"image":{"@id":"https:\/\/solutions.unex.net\/pt\/product\/pv-suporte-para-cobertura-60\/#primaryimage"},"thumbnailUrl":"https:\/\/solutions.unex.net\/wp-content\/uploads\/2023\/05\/unnamed.jpg","datePublished":"2023-05-31T07:08:33+00:00","dateModified":"2023-11-15T14:33:30+00:00","description":"Suportes lastrados para uso em instala\u00e7\u00f5es fotovoltaicas em coberturas planas. Montagem sem necessidade de furar a cobertura.","breadcrumb":{"@id":"https:\/\/solutions.unex.net\/pt\/product\/pv-suporte-para-cobertura-60\/#breadcrumb"},"inLanguage":"pt","potentialAction":[{"@type":"ReadAction","target":["https:\/\/solutions.unex.net\/pt\/product\/pv-suporte-para-cobertura-60\/"]}]},{"@type":"ImageObject","inLanguage":"pt","@id":"https:\/\/solutions.unex.net\/pt\/product\/pv-suporte-para-cobertura-60\/#primaryimage","url":"https:\/\/solutions.unex.net\/wp-content\/uploads\/2023\/05\/unnamed.jpg","contentUrl":"https:\/\/solutions.unex.net\/wp-content\/uploads\/2023\/05\/unnamed.jpg","width":1054,"height":1000},{"@type":"BreadcrumbList","@id":"https:\/\/solutions.unex.net\/pt\/product\/pv-suporte-para-cobertura-60\/#breadcrumb","itemListElement":[{"@type":"ListItem","position":1,"name":"Home","item":"https:\/\/solutions.unex.net\/pt\/"},{"@type":"ListItem","position":2,"name":"Product","item":"https:\/\/solutions.unex.net\/pt\/product\/"},{"@type":"ListItem","position":3,"name":"Suportes para cobertura 60"}]},{"@type":"WebSite","@id":"https:\/\/solutions.unex.net\/pt\/#website","url":"https:\/\/solutions.unex.net\/pt\/","name":"Unex","description":"Just another WordPress site","potentialAction":[{"@type":"SearchAction","target":{"@type":"EntryPoint","urlTemplate":"https:\/\/solutions.unex.net\/pt\/?s={search_term_string}"},"query-input":{"@type":"PropertyValueSpecification","valueRequired":true,"valueName":"search_term_string"}}],"inLanguage":"pt"}]}},"_links":{"self":[{"href":"https:\/\/solutions.unex.net\/pt\/wp-json\/wp\/v2\/product\/1271","targetHints":{"allow":["GET"]}}],"collection":[{"href":"https:\/\/solutions.unex.net\/pt\/wp-json\/wp\/v2\/product"}],"about":[{"href":"https:\/\/solutions.unex.net\/pt\/wp-json\/wp\/v2\/types\/product"}],"wp:featuredmedia":[{"embeddable":true,"href":"https:\/\/solutions.unex.net\/pt\/wp-json\/wp\/v2\/media\/1273"}],"wp:attachment":[{"href":"https:\/\/solutions.unex.net\/pt\/wp-json\/wp\/v2\/media?parent=1271"}],"wp:term":[{"taxonomy":"category-product","embeddable":true,"href":"https:\/\/solutions.unex.net\/pt\/wp-json\/wp\/v2\/category-product?post=1271"}],"curies":[{"name":"wp","href":"https:\/\/api.w.org\/{rel}","templated":true}]}}