{"id":1319,"date":"2023-05-30T10:05:34","date_gmt":"2023-05-30T10:05:34","guid":{"rendered":"https:\/\/solutions.unex.net\/sector-fotovoltaico\/"},"modified":"2025-03-26T09:06:31","modified_gmt":"2025-03-26T09:06:31","slug":"instalacoes-fotovoltaicas","status":"publish","type":"page","link":"https:\/\/solutions.unex.net\/pt\/instalacoes-fotovoltaicas\/","title":{"rendered":"Instala\u00e7\u00f5es fotovoltaicas"},"content":{"rendered":"","protected":false},"excerpt":{"rendered":"","protected":false},"author":2,"featured_media":1321,"parent":0,"menu_order":0,"comment_status":"closed","ping_status":"closed","template":"templates\/template-flexible.php","meta":{"_acf_changed":false,"inline_featured_image":false,"footnotes":""},"class_list":["post-1319","page","type-page","status-publish","has-post-thumbnail","hentry"],"acf":[],"yoast_head":"<!-- This site is optimized with the Yoast SEO plugin v27.3 - https:\/\/yoast.com\/product\/yoast-seo-wordpress\/ -->\n<title>Produtos isolantes para proteger cabos em instala\u00e7\u00f5es fotovoltaicas - Unex<\/title>\n<meta name=\"description\" content=\"Produtos para instala\u00e7\u00f5es fotovoltaicas: caminhos de cabos isolantes, calhas, bra\u00e7adeiras, etc. Uso exterior e exposi\u00e7\u00e3o prolongada aos raios UV. Seguran\u00e7a el\u00e9trica. Poupan\u00e7a de custos.\" \/>\n<meta name=\"robots\" content=\"noindex, follow, max-snippet:-1, max-image-preview:large, max-video-preview:-1\" \/>\n<meta property=\"og:locale\" content=\"pt_PT\" \/>\n<meta property=\"og:type\" content=\"article\" \/>\n<meta property=\"og:title\" content=\"Produtos isolantes para proteger cabos em instala\u00e7\u00f5es fotovoltaicas - Unex\" \/>\n<meta property=\"og:description\" content=\"Produtos para instala\u00e7\u00f5es fotovoltaicas: caminhos de cabos isolantes, calhas, bra\u00e7adeiras, etc. Uso exterior e exposi\u00e7\u00e3o prolongada aos raios UV. Seguran\u00e7a el\u00e9trica. Poupan\u00e7a de custos.\" \/>\n<meta property=\"og:url\" content=\"https:\/\/solutions.unex.net\/pt\/instalacoes-fotovoltaicas\/\" \/>\n<meta property=\"og:site_name\" content=\"Unex\" \/>\n<meta property=\"article:modified_time\" content=\"2025-03-26T09:06:31+00:00\" \/>\n<meta property=\"og:image\" content=\"https:\/\/solutions.unex.net\/wp-content\/uploads\/2023\/06\/placas.jpg\" \/>\n\t<meta property=\"og:image:width\" content=\"1920\" \/>\n\t<meta property=\"og:image:height\" content=\"1080\" \/>\n\t<meta property=\"og:image:type\" content=\"image\/jpeg\" \/>\n<meta name=\"twitter:card\" content=\"summary_large_image\" \/>\n<script type=\"application\/ld+json\" class=\"yoast-schema-graph\">{\"@context\":\"https:\\\/\\\/schema.org\",\"@graph\":[{\"@type\":\"WebPage\",\"@id\":\"https:\\\/\\\/solutions.unex.net\\\/pt\\\/instalacoes-fotovoltaicas\\\/\",\"url\":\"https:\\\/\\\/solutions.unex.net\\\/pt\\\/instalacoes-fotovoltaicas\\\/\",\"name\":\"Produtos isolantes para proteger cabos em instala\u00e7\u00f5es fotovoltaicas - Unex\",\"isPartOf\":{\"@id\":\"https:\\\/\\\/solutions.unex.net\\\/pt\\\/#website\"},\"primaryImageOfPage\":{\"@id\":\"https:\\\/\\\/solutions.unex.net\\\/pt\\\/instalacoes-fotovoltaicas\\\/#primaryimage\"},\"image\":{\"@id\":\"https:\\\/\\\/solutions.unex.net\\\/pt\\\/instalacoes-fotovoltaicas\\\/#primaryimage\"},\"thumbnailUrl\":\"https:\\\/\\\/solutions.unex.net\\\/wp-content\\\/uploads\\\/2023\\\/06\\\/placas.jpg\",\"datePublished\":\"2023-05-30T10:05:34+00:00\",\"dateModified\":\"2025-03-26T09:06:31+00:00\",\"description\":\"Produtos para instala\u00e7\u00f5es fotovoltaicas: caminhos de cabos isolantes, calhas, bra\u00e7adeiras, etc. Uso exterior e exposi\u00e7\u00e3o prolongada aos raios UV. Seguran\u00e7a el\u00e9trica. Poupan\u00e7a de custos.\",\"breadcrumb\":{\"@id\":\"https:\\\/\\\/solutions.unex.net\\\/pt\\\/instalacoes-fotovoltaicas\\\/#breadcrumb\"},\"inLanguage\":\"pt\",\"potentialAction\":[{\"@type\":\"ReadAction\",\"target\":[\"https:\\\/\\\/solutions.unex.net\\\/pt\\\/instalacoes-fotovoltaicas\\\/\"]}]},{\"@type\":\"ImageObject\",\"inLanguage\":\"pt\",\"@id\":\"https:\\\/\\\/solutions.unex.net\\\/pt\\\/instalacoes-fotovoltaicas\\\/#primaryimage\",\"url\":\"https:\\\/\\\/solutions.unex.net\\\/wp-content\\\/uploads\\\/2023\\\/06\\\/placas.jpg\",\"contentUrl\":\"https:\\\/\\\/solutions.unex.net\\\/wp-content\\\/uploads\\\/2023\\\/06\\\/placas.jpg\",\"width\":1920,\"height\":1080},{\"@type\":\"BreadcrumbList\",\"@id\":\"https:\\\/\\\/solutions.unex.net\\\/pt\\\/instalacoes-fotovoltaicas\\\/#breadcrumb\",\"itemListElement\":[{\"@type\":\"ListItem\",\"position\":1,\"name\":\"Home\",\"item\":\"https:\\\/\\\/solutions.unex.net\\\/pt\\\/\"},{\"@type\":\"ListItem\",\"position\":2,\"name\":\"Instala\u00e7\u00f5es fotovoltaicas\"}]},{\"@type\":\"WebSite\",\"@id\":\"https:\\\/\\\/solutions.unex.net\\\/pt\\\/#website\",\"url\":\"https:\\\/\\\/solutions.unex.net\\\/pt\\\/\",\"name\":\"Unex\",\"description\":\"Just another WordPress site\",\"potentialAction\":[{\"@type\":\"SearchAction\",\"target\":{\"@type\":\"EntryPoint\",\"urlTemplate\":\"https:\\\/\\\/solutions.unex.net\\\/pt\\\/?s={search_term_string}\"},\"query-input\":{\"@type\":\"PropertyValueSpecification\",\"valueRequired\":true,\"valueName\":\"search_term_string\"}}],\"inLanguage\":\"pt\"}]}<\/script>\n<!-- \/ Yoast SEO plugin. -->","yoast_head_json":{"title":"Produtos isolantes para proteger cabos em instala\u00e7\u00f5es fotovoltaicas - Unex","description":"Produtos para instala\u00e7\u00f5es fotovoltaicas: caminhos de cabos isolantes, calhas, bra\u00e7adeiras, etc. Uso exterior e exposi\u00e7\u00e3o prolongada aos raios UV. Seguran\u00e7a el\u00e9trica. Poupan\u00e7a de custos.","robots":{"index":"noindex","follow":"follow","max-snippet":"max-snippet:-1","max-image-preview":"max-image-preview:large","max-video-preview":"max-video-preview:-1"},"og_locale":"pt_PT","og_type":"article","og_title":"Produtos isolantes para proteger cabos em instala\u00e7\u00f5es fotovoltaicas - Unex","og_description":"Produtos para instala\u00e7\u00f5es fotovoltaicas: caminhos de cabos isolantes, calhas, bra\u00e7adeiras, etc. Uso exterior e exposi\u00e7\u00e3o prolongada aos raios UV. Seguran\u00e7a el\u00e9trica. Poupan\u00e7a de custos.","og_url":"https:\/\/solutions.unex.net\/pt\/instalacoes-fotovoltaicas\/","og_site_name":"Unex","article_modified_time":"2025-03-26T09:06:31+00:00","og_image":[{"width":1920,"height":1080,"url":"https:\/\/solutions.unex.net\/wp-content\/uploads\/2023\/06\/placas.jpg","type":"image\/jpeg"}],"twitter_card":"summary_large_image","schema":{"@context":"https:\/\/schema.org","@graph":[{"@type":"WebPage","@id":"https:\/\/solutions.unex.net\/pt\/instalacoes-fotovoltaicas\/","url":"https:\/\/solutions.unex.net\/pt\/instalacoes-fotovoltaicas\/","name":"Produtos isolantes para proteger cabos em instala\u00e7\u00f5es fotovoltaicas - Unex","isPartOf":{"@id":"https:\/\/solutions.unex.net\/pt\/#website"},"primaryImageOfPage":{"@id":"https:\/\/solutions.unex.net\/pt\/instalacoes-fotovoltaicas\/#primaryimage"},"image":{"@id":"https:\/\/solutions.unex.net\/pt\/instalacoes-fotovoltaicas\/#primaryimage"},"thumbnailUrl":"https:\/\/solutions.unex.net\/wp-content\/uploads\/2023\/06\/placas.jpg","datePublished":"2023-05-30T10:05:34+00:00","dateModified":"2025-03-26T09:06:31+00:00","description":"Produtos para instala\u00e7\u00f5es fotovoltaicas: caminhos de cabos isolantes, calhas, bra\u00e7adeiras, etc. Uso exterior e exposi\u00e7\u00e3o prolongada aos raios UV. Seguran\u00e7a el\u00e9trica. Poupan\u00e7a de custos.","breadcrumb":{"@id":"https:\/\/solutions.unex.net\/pt\/instalacoes-fotovoltaicas\/#breadcrumb"},"inLanguage":"pt","potentialAction":[{"@type":"ReadAction","target":["https:\/\/solutions.unex.net\/pt\/instalacoes-fotovoltaicas\/"]}]},{"@type":"ImageObject","inLanguage":"pt","@id":"https:\/\/solutions.unex.net\/pt\/instalacoes-fotovoltaicas\/#primaryimage","url":"https:\/\/solutions.unex.net\/wp-content\/uploads\/2023\/06\/placas.jpg","contentUrl":"https:\/\/solutions.unex.net\/wp-content\/uploads\/2023\/06\/placas.jpg","width":1920,"height":1080},{"@type":"BreadcrumbList","@id":"https:\/\/solutions.unex.net\/pt\/instalacoes-fotovoltaicas\/#breadcrumb","itemListElement":[{"@type":"ListItem","position":1,"name":"Home","item":"https:\/\/solutions.unex.net\/pt\/"},{"@type":"ListItem","position":2,"name":"Instala\u00e7\u00f5es fotovoltaicas"}]},{"@type":"WebSite","@id":"https:\/\/solutions.unex.net\/pt\/#website","url":"https:\/\/solutions.unex.net\/pt\/","name":"Unex","description":"Just another WordPress site","potentialAction":[{"@type":"SearchAction","target":{"@type":"EntryPoint","urlTemplate":"https:\/\/solutions.unex.net\/pt\/?s={search_term_string}"},"query-input":{"@type":"PropertyValueSpecification","valueRequired":true,"valueName":"search_term_string"}}],"inLanguage":"pt"}]}},"_links":{"self":[{"href":"https:\/\/solutions.unex.net\/pt\/wp-json\/wp\/v2\/pages\/1319","targetHints":{"allow":["GET"]}}],"collection":[{"href":"https:\/\/solutions.unex.net\/pt\/wp-json\/wp\/v2\/pages"}],"about":[{"href":"https:\/\/solutions.unex.net\/pt\/wp-json\/wp\/v2\/types\/page"}],"author":[{"embeddable":true,"href":"https:\/\/solutions.unex.net\/pt\/wp-json\/wp\/v2\/users\/2"}],"replies":[{"embeddable":true,"href":"https:\/\/solutions.unex.net\/pt\/wp-json\/wp\/v2\/comments?post=1319"}],"version-history":[{"count":18,"href":"https:\/\/solutions.unex.net\/pt\/wp-json\/wp\/v2\/pages\/1319\/revisions"}],"predecessor-version":[{"id":3709,"href":"https:\/\/solutions.unex.net\/pt\/wp-json\/wp\/v2\/pages\/1319\/revisions\/3709"}],"wp:featuredmedia":[{"embeddable":true,"href":"https:\/\/solutions.unex.net\/pt\/wp-json\/wp\/v2\/media\/1321"}],"wp:attachment":[{"href":"https:\/\/solutions.unex.net\/pt\/wp-json\/wp\/v2\/media?parent=1319"}],"curies":[{"name":"wp","href":"https:\/\/api.w.org\/{rel}","templated":true}]}}