{"id":2192,"date":"2024-01-18T08:24:48","date_gmt":"2024-01-18T08:24:48","guid":{"rendered":"https:\/\/solutions.unex.net\/?post_type=product&#038;p=2192"},"modified":"2024-02-20T12:13:35","modified_gmt":"2024-02-20T12:13:35","slug":"cpd-colliers-22-hd","status":"publish","type":"product","link":"https:\/\/solutions.unex.net\/fr\/product\/cpd-colliers-22-hd\/","title":{"rendered":"Colliers 22 HD"},"content":{"rendered":"","protected":true},"featured_media":1137,"template":"","category-product":[48],"class_list":["post-2192","product","type-product","status-publish","post-password-required","hentry","category-product-data-solutions"],"acf":[],"yoast_head":"<!-- This site is optimized with the Yoast SEO plugin v27.5 - https:\/\/yoast.com\/product\/yoast-seo-wordpress\/ -->\n<title>Colliers 22 HD Unex pour Data Centers<\/title>\n<meta name=\"description\" content=\"Colliers d\u2019installation pour usages ext\u00e9rieur et int\u00e9rieur dans des installations aux exigences techniques \u00e9lev\u00e9es. Bon comportement aux intemp\u00e9ries et aux U.V. Mat\u00e9riau sans halog\u00e8nes.\" \/>\n<meta name=\"robots\" content=\"noindex, follow, max-snippet:-1, max-image-preview:large, max-video-preview:-1\" \/>\n<meta property=\"og:locale\" content=\"fr_FR\" \/>\n<meta property=\"og:type\" content=\"article\" \/>\n<meta property=\"og:title\" content=\"Colliers 22 HD Unex pour Data Centers\" \/>\n<meta property=\"og:description\" content=\"Colliers d\u2019installation pour usages ext\u00e9rieur et int\u00e9rieur dans des installations aux exigences techniques \u00e9lev\u00e9es. Bon comportement aux intemp\u00e9ries et aux U.V. Mat\u00e9riau sans halog\u00e8nes.\" \/>\n<meta property=\"og:url\" content=\"https:\/\/solutions.unex.net\/fr\/product\/cpd-colliers-22-hd\/\" \/>\n<meta property=\"og:site_name\" content=\"Unex\" \/>\n<meta property=\"article:modified_time\" content=\"2024-02-20T12:13:35+00:00\" \/>\n<meta name=\"twitter:card\" content=\"summary_large_image\" \/>\n<meta name=\"twitter:label1\" content=\"Dur\u00e9e de lecture estim\u00e9e\" \/>\n\t<meta name=\"twitter:data1\" content=\"1 minute\" \/>\n<script type=\"application\/ld+json\" class=\"yoast-schema-graph\">{\"@context\":\"https:\\\/\\\/schema.org\",\"@graph\":[{\"@type\":\"WebPage\",\"@id\":\"https:\\\/\\\/solutions.unex.net\\\/fr\\\/product\\\/cpd-colliers-22-hd\\\/\",\"url\":\"https:\\\/\\\/solutions.unex.net\\\/fr\\\/product\\\/cpd-colliers-22-hd\\\/\",\"name\":\"Colliers 22 HD Unex pour Data Centers\",\"isPartOf\":{\"@id\":\"https:\\\/\\\/solutions.unex.net\\\/fr\\\/#website\"},\"datePublished\":\"2024-01-18T08:24:48+00:00\",\"dateModified\":\"2024-02-20T12:13:35+00:00\",\"breadcrumb\":{\"@id\":\"https:\\\/\\\/solutions.unex.net\\\/fr\\\/product\\\/cpd-colliers-22-hd\\\/#breadcrumb\"},\"inLanguage\":\"fr-FR\"},{\"@type\":\"WebSite\",\"@id\":\"https:\\\/\\\/solutions.unex.net\\\/fr\\\/#website\",\"url\":\"https:\\\/\\\/solutions.unex.net\\\/fr\\\/\",\"name\":\"Unex\",\"description\":\"Just another WordPress site\",\"potentialAction\":[{\"@type\":\"SearchAction\",\"target\":{\"@type\":\"EntryPoint\",\"urlTemplate\":\"https:\\\/\\\/solutions.unex.net\\\/fr\\\/?s={search_term_string}\"},\"query-input\":{\"@type\":\"PropertyValueSpecification\",\"valueRequired\":true,\"valueName\":\"search_term_string\"}}],\"inLanguage\":\"fr-FR\"}]}<\/script>\n<!-- \/ Yoast SEO plugin. -->","yoast_head_json":{"title":"Colliers 22 HD Unex pour Data Centers","description":"Colliers d\u2019installation pour usages ext\u00e9rieur et int\u00e9rieur dans des installations aux exigences techniques \u00e9lev\u00e9es. Bon comportement aux intemp\u00e9ries et aux U.V. Mat\u00e9riau sans halog\u00e8nes.","robots":{"index":"noindex","follow":"follow","max-snippet":"max-snippet:-1","max-image-preview":"max-image-preview:large","max-video-preview":"max-video-preview:-1"},"og_locale":"fr_FR","og_type":"article","og_title":"Colliers 22 HD Unex pour Data Centers","og_description":"Colliers d\u2019installation pour usages ext\u00e9rieur et int\u00e9rieur dans des installations aux exigences techniques \u00e9lev\u00e9es. Bon comportement aux intemp\u00e9ries et aux U.V. Mat\u00e9riau sans halog\u00e8nes.","og_url":"https:\/\/solutions.unex.net\/fr\/product\/cpd-colliers-22-hd\/","og_site_name":"Unex","article_modified_time":"2024-02-20T12:13:35+00:00","twitter_card":"summary_large_image","twitter_misc":{"Dur\u00e9e de lecture estim\u00e9e":"1 minute"},"schema":{"@context":"https:\/\/schema.org","@graph":[{"@type":"WebPage","@id":"https:\/\/solutions.unex.net\/fr\/product\/cpd-colliers-22-hd\/","url":"https:\/\/solutions.unex.net\/fr\/product\/cpd-colliers-22-hd\/","name":"Colliers 22 HD Unex pour Data Centers","isPartOf":{"@id":"https:\/\/solutions.unex.net\/fr\/#website"},"datePublished":"2024-01-18T08:24:48+00:00","dateModified":"2024-02-20T12:13:35+00:00","breadcrumb":{"@id":"https:\/\/solutions.unex.net\/fr\/product\/cpd-colliers-22-hd\/#breadcrumb"},"inLanguage":"fr-FR"},{"@type":"WebSite","@id":"https:\/\/solutions.unex.net\/fr\/#website","url":"https:\/\/solutions.unex.net\/fr\/","name":"Unex","description":"Just another WordPress site","potentialAction":[{"@type":"SearchAction","target":{"@type":"EntryPoint","urlTemplate":"https:\/\/solutions.unex.net\/fr\/?s={search_term_string}"},"query-input":{"@type":"PropertyValueSpecification","valueRequired":true,"valueName":"search_term_string"}}],"inLanguage":"fr-FR"}]}},"_links":{"self":[{"href":"https:\/\/solutions.unex.net\/fr\/wp-json\/wp\/v2\/product\/2192","targetHints":{"allow":["GET"]}}],"collection":[{"href":"https:\/\/solutions.unex.net\/fr\/wp-json\/wp\/v2\/product"}],"about":[{"href":"https:\/\/solutions.unex.net\/fr\/wp-json\/wp\/v2\/types\/product"}],"wp:featuredmedia":[{"embeddable":true,"href":"https:\/\/solutions.unex.net\/fr\/wp-json\/wp\/v2\/media\/1137"}],"wp:attachment":[{"href":"https:\/\/solutions.unex.net\/fr\/wp-json\/wp\/v2\/media?parent=2192"}],"wp:term":[{"taxonomy":"category-product","embeddable":true,"href":"https:\/\/solutions.unex.net\/fr\/wp-json\/wp\/v2\/category-product?post=2192"}],"curies":[{"name":"wp","href":"https:\/\/api.w.org\/{rel}","templated":true}]}}