{"id":2172,"date":"2024-01-17T15:56:47","date_gmt":"2024-01-17T15:56:47","guid":{"rendered":"https:\/\/solutions.unex.net\/?post_type=product&#038;p=2172"},"modified":"2024-04-12T12:24:17","modified_gmt":"2024-04-12T12:24:17","slug":"cpd-chemins-de-cables-isolants-66","status":"publish","type":"product","link":"https:\/\/solutions.unex.net\/fr\/product\/cpd-chemins-de-cables-isolants-66\/","title":{"rendered":"Chemins de c\u00e2bles isolants 66"},"content":{"rendered":"","protected":true},"featured_media":1134,"template":"","category-product":[48],"class_list":["post-2172","product","type-product","status-publish","post-password-required","hentry","category-product-data-solutions"],"acf":[],"yoast_head":"<!-- This site is optimized with the Yoast SEO plugin v27.6 - https:\/\/yoast.com\/product\/yoast-seo-wordpress\/ -->\n<title>Chemins de c\u00e2bles isolants 66 Unex pour Data Centers<\/title>\n<meta name=\"description\" content=\"Chemins de c\u00e2bles isolants pour applications int\u00e9rieures et ext\u00e9rieures pour les Data Centers. Bon comportement aux intemp\u00e9ries et aux U.V. S\u00e9curit\u00e9 \u00e9lectrique am\u00e9lior\u00e9e. Maintenance simplifi\u00e9e.\" \/>\n<meta name=\"robots\" content=\"noindex, follow, max-snippet:-1, max-image-preview:large, max-video-preview:-1\" \/>\n<meta property=\"og:locale\" content=\"fr_FR\" \/>\n<meta property=\"og:type\" content=\"article\" \/>\n<meta property=\"og:title\" content=\"Chemins de c\u00e2bles isolants 66 Unex pour Data Centers\" \/>\n<meta property=\"og:description\" content=\"Chemins de c\u00e2bles isolants pour applications int\u00e9rieures et ext\u00e9rieures pour les Data Centers. Bon comportement aux intemp\u00e9ries et aux U.V. S\u00e9curit\u00e9 \u00e9lectrique am\u00e9lior\u00e9e. Maintenance simplifi\u00e9e.\" \/>\n<meta property=\"og:url\" content=\"https:\/\/solutions.unex.net\/fr\/product\/cpd-chemins-de-cables-isolants-66\/\" \/>\n<meta property=\"og:site_name\" content=\"Unex\" \/>\n<meta property=\"article:modified_time\" content=\"2024-04-12T12:24:17+00:00\" \/>\n<meta name=\"twitter:card\" content=\"summary_large_image\" \/>\n<meta name=\"twitter:label1\" content=\"Dur\u00e9e de lecture estim\u00e9e\" \/>\n\t<meta name=\"twitter:data1\" content=\"2 minutes\" \/>\n<script type=\"application\/ld+json\" class=\"yoast-schema-graph\">{\"@context\":\"https:\\\/\\\/schema.org\",\"@graph\":[{\"@type\":\"WebPage\",\"@id\":\"https:\\\/\\\/solutions.unex.net\\\/fr\\\/product\\\/cpd-chemins-de-cables-isolants-66\\\/\",\"url\":\"https:\\\/\\\/solutions.unex.net\\\/fr\\\/product\\\/cpd-chemins-de-cables-isolants-66\\\/\",\"name\":\"Chemins de c\u00e2bles isolants 66 Unex pour Data Centers\",\"isPartOf\":{\"@id\":\"https:\\\/\\\/solutions.unex.net\\\/fr\\\/#website\"},\"datePublished\":\"2024-01-17T15:56:47+00:00\",\"dateModified\":\"2024-04-12T12:24:17+00:00\",\"breadcrumb\":{\"@id\":\"https:\\\/\\\/solutions.unex.net\\\/fr\\\/product\\\/cpd-chemins-de-cables-isolants-66\\\/#breadcrumb\"},\"inLanguage\":\"fr-FR\"},{\"@type\":\"WebSite\",\"@id\":\"https:\\\/\\\/solutions.unex.net\\\/fr\\\/#website\",\"url\":\"https:\\\/\\\/solutions.unex.net\\\/fr\\\/\",\"name\":\"Unex\",\"description\":\"Just another WordPress site\",\"potentialAction\":[{\"@type\":\"SearchAction\",\"target\":{\"@type\":\"EntryPoint\",\"urlTemplate\":\"https:\\\/\\\/solutions.unex.net\\\/fr\\\/?s={search_term_string}\"},\"query-input\":{\"@type\":\"PropertyValueSpecification\",\"valueRequired\":true,\"valueName\":\"search_term_string\"}}],\"inLanguage\":\"fr-FR\"}]}<\/script>\n<!-- \/ Yoast SEO plugin. -->","yoast_head_json":{"title":"Chemins de c\u00e2bles isolants 66 Unex pour Data Centers","description":"Chemins de c\u00e2bles isolants pour applications int\u00e9rieures et ext\u00e9rieures pour les Data Centers. Bon comportement aux intemp\u00e9ries et aux U.V. S\u00e9curit\u00e9 \u00e9lectrique am\u00e9lior\u00e9e. Maintenance simplifi\u00e9e.","robots":{"index":"noindex","follow":"follow","max-snippet":"max-snippet:-1","max-image-preview":"max-image-preview:large","max-video-preview":"max-video-preview:-1"},"og_locale":"fr_FR","og_type":"article","og_title":"Chemins de c\u00e2bles isolants 66 Unex pour Data Centers","og_description":"Chemins de c\u00e2bles isolants pour applications int\u00e9rieures et ext\u00e9rieures pour les Data Centers. Bon comportement aux intemp\u00e9ries et aux U.V. S\u00e9curit\u00e9 \u00e9lectrique am\u00e9lior\u00e9e. Maintenance simplifi\u00e9e.","og_url":"https:\/\/solutions.unex.net\/fr\/product\/cpd-chemins-de-cables-isolants-66\/","og_site_name":"Unex","article_modified_time":"2024-04-12T12:24:17+00:00","twitter_card":"summary_large_image","twitter_misc":{"Dur\u00e9e de lecture estim\u00e9e":"2 minutes"},"schema":{"@context":"https:\/\/schema.org","@graph":[{"@type":"WebPage","@id":"https:\/\/solutions.unex.net\/fr\/product\/cpd-chemins-de-cables-isolants-66\/","url":"https:\/\/solutions.unex.net\/fr\/product\/cpd-chemins-de-cables-isolants-66\/","name":"Chemins de c\u00e2bles isolants 66 Unex pour Data Centers","isPartOf":{"@id":"https:\/\/solutions.unex.net\/fr\/#website"},"datePublished":"2024-01-17T15:56:47+00:00","dateModified":"2024-04-12T12:24:17+00:00","breadcrumb":{"@id":"https:\/\/solutions.unex.net\/fr\/product\/cpd-chemins-de-cables-isolants-66\/#breadcrumb"},"inLanguage":"fr-FR"},{"@type":"WebSite","@id":"https:\/\/solutions.unex.net\/fr\/#website","url":"https:\/\/solutions.unex.net\/fr\/","name":"Unex","description":"Just another WordPress site","potentialAction":[{"@type":"SearchAction","target":{"@type":"EntryPoint","urlTemplate":"https:\/\/solutions.unex.net\/fr\/?s={search_term_string}"},"query-input":{"@type":"PropertyValueSpecification","valueRequired":true,"valueName":"search_term_string"}}],"inLanguage":"fr-FR"}]}},"_links":{"self":[{"href":"https:\/\/solutions.unex.net\/fr\/wp-json\/wp\/v2\/product\/2172","targetHints":{"allow":["GET"]}}],"collection":[{"href":"https:\/\/solutions.unex.net\/fr\/wp-json\/wp\/v2\/product"}],"about":[{"href":"https:\/\/solutions.unex.net\/fr\/wp-json\/wp\/v2\/types\/product"}],"wp:featuredmedia":[{"embeddable":true,"href":"https:\/\/solutions.unex.net\/fr\/wp-json\/wp\/v2\/media\/1134"}],"wp:attachment":[{"href":"https:\/\/solutions.unex.net\/fr\/wp-json\/wp\/v2\/media?parent=2172"}],"wp:term":[{"taxonomy":"category-product","embeddable":true,"href":"https:\/\/solutions.unex.net\/fr\/wp-json\/wp\/v2\/category-product?post=2172"}],"curies":[{"name":"wp","href":"https:\/\/api.w.org\/{rel}","templated":true}]}}