{"id":2134,"date":"2024-01-17T16:08:36","date_gmt":"2024-01-17T16:08:36","guid":{"rendered":"https:\/\/solutions.unex.net\/?post_type=product&#038;p=2134"},"modified":"2024-01-17T16:08:37","modified_gmt":"2024-01-17T16:08:37","slug":"cpd-echelles-a-cables-isolantes-67","status":"publish","type":"product","link":"https:\/\/solutions.unex.net\/fr\/product\/cpd-echelles-a-cables-isolantes-67\/","title":{"rendered":"Echelles \u00e0 c\u00e2bles isolantes 67"},"content":{"rendered":"","protected":true},"featured_media":2651,"template":"","category-product":[48],"class_list":["post-2134","product","type-product","status-publish","post-password-required","hentry","category-product-data-solutions"],"acf":[],"yoast_head":"<!-- This site is optimized with the Yoast SEO plugin v27.6 - https:\/\/yoast.com\/product\/yoast-seo-wordpress\/ -->\n<title>Echelles \u00e0 c\u00e2bles isolantes 67 Unex pour les Data Centers<\/title>\n<meta name=\"description\" content=\"Echelles \u00e0 c\u00e2bles isolantes pour applications int\u00e9rieures et ext\u00e9rieures. Bon comportement aux intemp\u00e9ries et aux U.V. S\u00e9curit\u00e9 \u00e9lectrique am\u00e9lior\u00e9e. Maintenance simplifi\u00e9e.\" \/>\n<meta name=\"robots\" content=\"noindex, follow, max-snippet:-1, max-image-preview:large, max-video-preview:-1\" \/>\n<meta property=\"og:locale\" content=\"fr_FR\" \/>\n<meta property=\"og:type\" content=\"article\" \/>\n<meta property=\"og:title\" content=\"Echelles \u00e0 c\u00e2bles isolantes 67 Unex pour les Data Centers\" \/>\n<meta property=\"og:description\" content=\"Echelles \u00e0 c\u00e2bles isolantes pour applications int\u00e9rieures et ext\u00e9rieures. Bon comportement aux intemp\u00e9ries et aux U.V. S\u00e9curit\u00e9 \u00e9lectrique am\u00e9lior\u00e9e. Maintenance simplifi\u00e9e.\" \/>\n<meta property=\"og:url\" content=\"https:\/\/solutions.unex.net\/fr\/product\/cpd-echelles-a-cables-isolantes-67\/\" \/>\n<meta property=\"og:site_name\" content=\"Unex\" \/>\n<meta property=\"article:modified_time\" content=\"2024-01-17T16:08:37+00:00\" \/>\n<meta name=\"twitter:card\" content=\"summary_large_image\" \/>\n<meta name=\"twitter:label1\" content=\"Dur\u00e9e de lecture estim\u00e9e\" \/>\n\t<meta name=\"twitter:data1\" content=\"2 minutes\" \/>\n<script type=\"application\/ld+json\" class=\"yoast-schema-graph\">{\"@context\":\"https:\\\/\\\/schema.org\",\"@graph\":[{\"@type\":\"WebPage\",\"@id\":\"https:\\\/\\\/solutions.unex.net\\\/fr\\\/product\\\/cpd-echelles-a-cables-isolantes-67\\\/\",\"url\":\"https:\\\/\\\/solutions.unex.net\\\/fr\\\/product\\\/cpd-echelles-a-cables-isolantes-67\\\/\",\"name\":\"Echelles \u00e0 c\u00e2bles isolantes 67 Unex pour les Data Centers\",\"isPartOf\":{\"@id\":\"https:\\\/\\\/solutions.unex.net\\\/fr\\\/#website\"},\"datePublished\":\"2024-01-17T16:08:36+00:00\",\"dateModified\":\"2024-01-17T16:08:37+00:00\",\"breadcrumb\":{\"@id\":\"https:\\\/\\\/solutions.unex.net\\\/fr\\\/product\\\/cpd-echelles-a-cables-isolantes-67\\\/#breadcrumb\"},\"inLanguage\":\"fr-FR\"},{\"@type\":\"WebSite\",\"@id\":\"https:\\\/\\\/solutions.unex.net\\\/fr\\\/#website\",\"url\":\"https:\\\/\\\/solutions.unex.net\\\/fr\\\/\",\"name\":\"Unex\",\"description\":\"Just another WordPress site\",\"potentialAction\":[{\"@type\":\"SearchAction\",\"target\":{\"@type\":\"EntryPoint\",\"urlTemplate\":\"https:\\\/\\\/solutions.unex.net\\\/fr\\\/?s={search_term_string}\"},\"query-input\":{\"@type\":\"PropertyValueSpecification\",\"valueRequired\":true,\"valueName\":\"search_term_string\"}}],\"inLanguage\":\"fr-FR\"}]}<\/script>\n<!-- \/ Yoast SEO plugin. -->","yoast_head_json":{"title":"Echelles \u00e0 c\u00e2bles isolantes 67 Unex pour les Data Centers","description":"Echelles \u00e0 c\u00e2bles isolantes pour applications int\u00e9rieures et ext\u00e9rieures. Bon comportement aux intemp\u00e9ries et aux U.V. S\u00e9curit\u00e9 \u00e9lectrique am\u00e9lior\u00e9e. Maintenance simplifi\u00e9e.","robots":{"index":"noindex","follow":"follow","max-snippet":"max-snippet:-1","max-image-preview":"max-image-preview:large","max-video-preview":"max-video-preview:-1"},"og_locale":"fr_FR","og_type":"article","og_title":"Echelles \u00e0 c\u00e2bles isolantes 67 Unex pour les Data Centers","og_description":"Echelles \u00e0 c\u00e2bles isolantes pour applications int\u00e9rieures et ext\u00e9rieures. Bon comportement aux intemp\u00e9ries et aux U.V. S\u00e9curit\u00e9 \u00e9lectrique am\u00e9lior\u00e9e. Maintenance simplifi\u00e9e.","og_url":"https:\/\/solutions.unex.net\/fr\/product\/cpd-echelles-a-cables-isolantes-67\/","og_site_name":"Unex","article_modified_time":"2024-01-17T16:08:37+00:00","twitter_card":"summary_large_image","twitter_misc":{"Dur\u00e9e de lecture estim\u00e9e":"2 minutes"},"schema":{"@context":"https:\/\/schema.org","@graph":[{"@type":"WebPage","@id":"https:\/\/solutions.unex.net\/fr\/product\/cpd-echelles-a-cables-isolantes-67\/","url":"https:\/\/solutions.unex.net\/fr\/product\/cpd-echelles-a-cables-isolantes-67\/","name":"Echelles \u00e0 c\u00e2bles isolantes 67 Unex pour les Data Centers","isPartOf":{"@id":"https:\/\/solutions.unex.net\/fr\/#website"},"datePublished":"2024-01-17T16:08:36+00:00","dateModified":"2024-01-17T16:08:37+00:00","breadcrumb":{"@id":"https:\/\/solutions.unex.net\/fr\/product\/cpd-echelles-a-cables-isolantes-67\/#breadcrumb"},"inLanguage":"fr-FR"},{"@type":"WebSite","@id":"https:\/\/solutions.unex.net\/fr\/#website","url":"https:\/\/solutions.unex.net\/fr\/","name":"Unex","description":"Just another WordPress site","potentialAction":[{"@type":"SearchAction","target":{"@type":"EntryPoint","urlTemplate":"https:\/\/solutions.unex.net\/fr\/?s={search_term_string}"},"query-input":{"@type":"PropertyValueSpecification","valueRequired":true,"valueName":"search_term_string"}}],"inLanguage":"fr-FR"}]}},"_links":{"self":[{"href":"https:\/\/solutions.unex.net\/fr\/wp-json\/wp\/v2\/product\/2134","targetHints":{"allow":["GET"]}}],"collection":[{"href":"https:\/\/solutions.unex.net\/fr\/wp-json\/wp\/v2\/product"}],"about":[{"href":"https:\/\/solutions.unex.net\/fr\/wp-json\/wp\/v2\/types\/product"}],"wp:featuredmedia":[{"embeddable":true,"href":"https:\/\/solutions.unex.net\/fr\/wp-json\/wp\/v2\/media\/2651"}],"wp:attachment":[{"href":"https:\/\/solutions.unex.net\/fr\/wp-json\/wp\/v2\/media?parent=2134"}],"wp:term":[{"taxonomy":"category-product","embeddable":true,"href":"https:\/\/solutions.unex.net\/fr\/wp-json\/wp\/v2\/category-product?post=2134"}],"curies":[{"name":"wp","href":"https:\/\/api.w.org\/{rel}","templated":true}]}}