{"id":2319,"date":"2023-10-11T11:22:07","date_gmt":"2023-10-11T11:22:07","guid":{"rendered":"https:\/\/solutions.unex.net\/?post_type=product&#038;p=2319"},"modified":"2024-06-27T08:24:22","modified_gmt":"2024-06-27T08:24:22","slug":"cpd-sistemas-de-alimentacion-de-mobiliario-51","status":"publish","type":"product","link":"https:\/\/solutions.unex.net\/es\/product\/cpd-sistemas-de-alimentacion-de-mobiliario-51\/","title":{"rendered":"Sistemas de alimentaci\u00f3n de mobiliario 51"},"content":{"rendered":"","protected":true},"featured_media":2327,"template":"","category-product":[48],"class_list":["post-2319","product","type-product","status-publish","post-password-required","hentry","category-product-data-solutions"],"acf":[],"yoast_head":"<!-- This site is optimized with the Yoast SEO plugin v27.6 - https:\/\/yoast.com\/product\/yoast-seo-wordpress\/ -->\n<title>Sistemas de alimentaci\u00f3n de mobiliario 51 Unex para Data Centers<\/title>\n<meta name=\"description\" content=\"Sistema de cableado flexible y vers\u00e1til para espacios di\u00e1fanos que necesiten alimentar un gran n\u00famero de puestos de trabajo.\" \/>\n<meta name=\"robots\" content=\"noindex, follow, max-snippet:-1, max-image-preview:large, max-video-preview:-1\" \/>\n<meta property=\"og:locale\" content=\"es_ES\" \/>\n<meta property=\"og:type\" content=\"article\" \/>\n<meta property=\"og:title\" content=\"Sistemas de alimentaci\u00f3n de mobiliario 51 Unex para Data Centers\" \/>\n<meta property=\"og:description\" content=\"Sistema de cableado flexible y vers\u00e1til para espacios di\u00e1fanos que necesiten alimentar un gran n\u00famero de puestos de trabajo.\" \/>\n<meta property=\"og:url\" content=\"https:\/\/solutions.unex.net\/es\/product\/cpd-sistemas-de-alimentacion-de-mobiliario-51\/\" \/>\n<meta property=\"og:site_name\" content=\"Unex\" \/>\n<meta property=\"article:modified_time\" content=\"2024-06-27T08:24:22+00:00\" \/>\n<meta name=\"twitter:card\" content=\"summary_large_image\" \/>\n<meta name=\"twitter:label1\" content=\"Tiempo de lectura\" \/>\n\t<meta name=\"twitter:data1\" content=\"1 minuto\" \/>\n<script type=\"application\/ld+json\" class=\"yoast-schema-graph\">{\"@context\":\"https:\\\/\\\/schema.org\",\"@graph\":[{\"@type\":\"WebPage\",\"@id\":\"https:\\\/\\\/solutions.unex.net\\\/es\\\/product\\\/cpd-sistemas-de-alimentacion-de-mobiliario-51\\\/\",\"url\":\"https:\\\/\\\/solutions.unex.net\\\/es\\\/product\\\/cpd-sistemas-de-alimentacion-de-mobiliario-51\\\/\",\"name\":\"Sistemas de alimentaci\u00f3n de mobiliario 51 Unex para Data Centers\",\"isPartOf\":{\"@id\":\"https:\\\/\\\/solutions.unex.net\\\/es\\\/#website\"},\"datePublished\":\"2023-10-11T11:22:07+00:00\",\"dateModified\":\"2024-06-27T08:24:22+00:00\",\"breadcrumb\":{\"@id\":\"https:\\\/\\\/solutions.unex.net\\\/es\\\/product\\\/cpd-sistemas-de-alimentacion-de-mobiliario-51\\\/#breadcrumb\"},\"inLanguage\":\"es\"},{\"@type\":\"WebSite\",\"@id\":\"https:\\\/\\\/solutions.unex.net\\\/es\\\/#website\",\"url\":\"https:\\\/\\\/solutions.unex.net\\\/es\\\/\",\"name\":\"Unex\",\"description\":\"Just another WordPress site\",\"potentialAction\":[{\"@type\":\"SearchAction\",\"target\":{\"@type\":\"EntryPoint\",\"urlTemplate\":\"https:\\\/\\\/solutions.unex.net\\\/es\\\/?s={search_term_string}\"},\"query-input\":{\"@type\":\"PropertyValueSpecification\",\"valueRequired\":true,\"valueName\":\"search_term_string\"}}],\"inLanguage\":\"es\"}]}<\/script>\n<!-- \/ Yoast SEO plugin. -->","yoast_head_json":{"title":"Sistemas de alimentaci\u00f3n de mobiliario 51 Unex para Data Centers","description":"Sistema de cableado flexible y vers\u00e1til para espacios di\u00e1fanos que necesiten alimentar un gran n\u00famero de puestos de trabajo.","robots":{"index":"noindex","follow":"follow","max-snippet":"max-snippet:-1","max-image-preview":"max-image-preview:large","max-video-preview":"max-video-preview:-1"},"og_locale":"es_ES","og_type":"article","og_title":"Sistemas de alimentaci\u00f3n de mobiliario 51 Unex para Data Centers","og_description":"Sistema de cableado flexible y vers\u00e1til para espacios di\u00e1fanos que necesiten alimentar un gran n\u00famero de puestos de trabajo.","og_url":"https:\/\/solutions.unex.net\/es\/product\/cpd-sistemas-de-alimentacion-de-mobiliario-51\/","og_site_name":"Unex","article_modified_time":"2024-06-27T08:24:22+00:00","twitter_card":"summary_large_image","twitter_misc":{"Tiempo de lectura":"1 minuto"},"schema":{"@context":"https:\/\/schema.org","@graph":[{"@type":"WebPage","@id":"https:\/\/solutions.unex.net\/es\/product\/cpd-sistemas-de-alimentacion-de-mobiliario-51\/","url":"https:\/\/solutions.unex.net\/es\/product\/cpd-sistemas-de-alimentacion-de-mobiliario-51\/","name":"Sistemas de alimentaci\u00f3n de mobiliario 51 Unex para Data Centers","isPartOf":{"@id":"https:\/\/solutions.unex.net\/es\/#website"},"datePublished":"2023-10-11T11:22:07+00:00","dateModified":"2024-06-27T08:24:22+00:00","breadcrumb":{"@id":"https:\/\/solutions.unex.net\/es\/product\/cpd-sistemas-de-alimentacion-de-mobiliario-51\/#breadcrumb"},"inLanguage":"es"},{"@type":"WebSite","@id":"https:\/\/solutions.unex.net\/es\/#website","url":"https:\/\/solutions.unex.net\/es\/","name":"Unex","description":"Just another WordPress site","potentialAction":[{"@type":"SearchAction","target":{"@type":"EntryPoint","urlTemplate":"https:\/\/solutions.unex.net\/es\/?s={search_term_string}"},"query-input":{"@type":"PropertyValueSpecification","valueRequired":true,"valueName":"search_term_string"}}],"inLanguage":"es"}]}},"_links":{"self":[{"href":"https:\/\/solutions.unex.net\/es\/wp-json\/wp\/v2\/product\/2319","targetHints":{"allow":["GET"]}}],"collection":[{"href":"https:\/\/solutions.unex.net\/es\/wp-json\/wp\/v2\/product"}],"about":[{"href":"https:\/\/solutions.unex.net\/es\/wp-json\/wp\/v2\/types\/product"}],"wp:featuredmedia":[{"embeddable":true,"href":"https:\/\/solutions.unex.net\/es\/wp-json\/wp\/v2\/media\/2327"}],"wp:attachment":[{"href":"https:\/\/solutions.unex.net\/es\/wp-json\/wp\/v2\/media?parent=2319"}],"wp:term":[{"taxonomy":"category-product","embeddable":true,"href":"https:\/\/solutions.unex.net\/es\/wp-json\/wp\/v2\/category-product?post=2319"}],"curies":[{"name":"wp","href":"https:\/\/api.w.org\/{rel}","templated":true}]}}