{"id":2260,"date":"2024-01-15T09:49:50","date_gmt":"2024-01-15T09:49:50","guid":{"rendered":"https:\/\/solutions.unex.net\/?post_type=product&#038;p=2260"},"modified":"2024-01-22T12:30:54","modified_gmt":"2024-01-22T12:30:54","slug":"cpd-brustungskanal-93","status":"publish","type":"product","link":"https:\/\/solutions.unex.net\/de\/product\/cpd-brustungskanal-93\/","title":{"rendered":"Br\u00fcstungskanal 93"},"content":{"rendered":"","protected":true},"featured_media":2279,"template":"","category-product":[48],"class_list":["post-2260","product","type-product","status-publish","post-password-required","hentry","category-product-data-solutions"],"acf":[],"yoast_head":"<!-- This site is optimized with the Yoast SEO plugin v27.3 - https:\/\/yoast.com\/product\/yoast-seo-wordpress\/ -->\n<title>Unex Br\u00fcstungskanal 93 f\u00fcr Ger\u00e4teanschl\u00fcsse in Data Center<\/title>\n<meta name=\"description\" content=\"Die Kan\u00e4le bieten eine \u00e4sthetische Raumintegration und erlauben verschiedenste Installations- sowie Anpassungsm\u00f6glichkeiten f\u00fcr elektrische Installationsger\u00e4te.\" \/>\n<meta name=\"robots\" content=\"noindex, follow, max-snippet:-1, max-image-preview:large, max-video-preview:-1\" \/>\n<meta property=\"og:locale\" content=\"de_DE\" \/>\n<meta property=\"og:type\" content=\"article\" \/>\n<meta property=\"og:title\" content=\"Unex Br\u00fcstungskanal 93 f\u00fcr Ger\u00e4teanschl\u00fcsse in Data Center\" \/>\n<meta property=\"og:description\" content=\"Die Kan\u00e4le bieten eine \u00e4sthetische Raumintegration und erlauben verschiedenste Installations- sowie Anpassungsm\u00f6glichkeiten f\u00fcr elektrische Installationsger\u00e4te.\" \/>\n<meta property=\"og:url\" content=\"https:\/\/solutions.unex.net\/de\/product\/cpd-brustungskanal-93\/\" \/>\n<meta property=\"og:site_name\" content=\"Unex\" \/>\n<meta property=\"article:modified_time\" content=\"2024-01-22T12:30:54+00:00\" \/>\n<meta name=\"twitter:card\" content=\"summary_large_image\" \/>\n<meta name=\"twitter:label1\" content=\"Gesch\u00e4tzte Lesezeit\" \/>\n\t<meta name=\"twitter:data1\" content=\"1\u00a0Minute\" \/>\n<script type=\"application\/ld+json\" class=\"yoast-schema-graph\">{\"@context\":\"https:\\\/\\\/schema.org\",\"@graph\":[{\"@type\":\"WebPage\",\"@id\":\"https:\\\/\\\/solutions.unex.net\\\/de\\\/product\\\/cpd-brustungskanal-93\\\/\",\"url\":\"https:\\\/\\\/solutions.unex.net\\\/de\\\/product\\\/cpd-brustungskanal-93\\\/\",\"name\":\"Unex Br\u00fcstungskanal 93 f\u00fcr Ger\u00e4teanschl\u00fcsse in Data Center\",\"isPartOf\":{\"@id\":\"https:\\\/\\\/solutions.unex.net\\\/de\\\/#website\"},\"datePublished\":\"2024-01-15T09:49:50+00:00\",\"dateModified\":\"2024-01-22T12:30:54+00:00\",\"breadcrumb\":{\"@id\":\"https:\\\/\\\/solutions.unex.net\\\/de\\\/product\\\/cpd-brustungskanal-93\\\/#breadcrumb\"},\"inLanguage\":\"de\"},{\"@type\":\"WebSite\",\"@id\":\"https:\\\/\\\/solutions.unex.net\\\/de\\\/#website\",\"url\":\"https:\\\/\\\/solutions.unex.net\\\/de\\\/\",\"name\":\"Unex\",\"description\":\"Just another WordPress site\",\"potentialAction\":[{\"@type\":\"SearchAction\",\"target\":{\"@type\":\"EntryPoint\",\"urlTemplate\":\"https:\\\/\\\/solutions.unex.net\\\/de\\\/?s={search_term_string}\"},\"query-input\":{\"@type\":\"PropertyValueSpecification\",\"valueRequired\":true,\"valueName\":\"search_term_string\"}}],\"inLanguage\":\"de\"}]}<\/script>\n<!-- \/ Yoast SEO plugin. -->","yoast_head_json":{"title":"Unex Br\u00fcstungskanal 93 f\u00fcr Ger\u00e4teanschl\u00fcsse in Data Center","description":"Die Kan\u00e4le bieten eine \u00e4sthetische Raumintegration und erlauben verschiedenste Installations- sowie Anpassungsm\u00f6glichkeiten f\u00fcr elektrische Installationsger\u00e4te.","robots":{"index":"noindex","follow":"follow","max-snippet":"max-snippet:-1","max-image-preview":"max-image-preview:large","max-video-preview":"max-video-preview:-1"},"og_locale":"de_DE","og_type":"article","og_title":"Unex Br\u00fcstungskanal 93 f\u00fcr Ger\u00e4teanschl\u00fcsse in Data Center","og_description":"Die Kan\u00e4le bieten eine \u00e4sthetische Raumintegration und erlauben verschiedenste Installations- sowie Anpassungsm\u00f6glichkeiten f\u00fcr elektrische Installationsger\u00e4te.","og_url":"https:\/\/solutions.unex.net\/de\/product\/cpd-brustungskanal-93\/","og_site_name":"Unex","article_modified_time":"2024-01-22T12:30:54+00:00","twitter_card":"summary_large_image","twitter_misc":{"Gesch\u00e4tzte Lesezeit":"1\u00a0Minute"},"schema":{"@context":"https:\/\/schema.org","@graph":[{"@type":"WebPage","@id":"https:\/\/solutions.unex.net\/de\/product\/cpd-brustungskanal-93\/","url":"https:\/\/solutions.unex.net\/de\/product\/cpd-brustungskanal-93\/","name":"Unex Br\u00fcstungskanal 93 f\u00fcr Ger\u00e4teanschl\u00fcsse in Data Center","isPartOf":{"@id":"https:\/\/solutions.unex.net\/de\/#website"},"datePublished":"2024-01-15T09:49:50+00:00","dateModified":"2024-01-22T12:30:54+00:00","breadcrumb":{"@id":"https:\/\/solutions.unex.net\/de\/product\/cpd-brustungskanal-93\/#breadcrumb"},"inLanguage":"de"},{"@type":"WebSite","@id":"https:\/\/solutions.unex.net\/de\/#website","url":"https:\/\/solutions.unex.net\/de\/","name":"Unex","description":"Just another WordPress site","potentialAction":[{"@type":"SearchAction","target":{"@type":"EntryPoint","urlTemplate":"https:\/\/solutions.unex.net\/de\/?s={search_term_string}"},"query-input":{"@type":"PropertyValueSpecification","valueRequired":true,"valueName":"search_term_string"}}],"inLanguage":"de"}]}},"_links":{"self":[{"href":"https:\/\/solutions.unex.net\/de\/wp-json\/wp\/v2\/product\/2260","targetHints":{"allow":["GET"]}}],"collection":[{"href":"https:\/\/solutions.unex.net\/de\/wp-json\/wp\/v2\/product"}],"about":[{"href":"https:\/\/solutions.unex.net\/de\/wp-json\/wp\/v2\/types\/product"}],"wp:featuredmedia":[{"embeddable":true,"href":"https:\/\/solutions.unex.net\/de\/wp-json\/wp\/v2\/media\/2279"}],"wp:attachment":[{"href":"https:\/\/solutions.unex.net\/de\/wp-json\/wp\/v2\/media?parent=2260"}],"wp:term":[{"taxonomy":"category-product","embeddable":true,"href":"https:\/\/solutions.unex.net\/de\/wp-json\/wp\/v2\/category-product?post=2260"}],"curies":[{"name":"wp","href":"https:\/\/api.w.org\/{rel}","templated":true}]}}