{"id":2178,"date":"2024-01-15T09:35:35","date_gmt":"2024-01-15T09:35:35","guid":{"rendered":"https:\/\/solutions.unex.net\/?post_type=product&#038;p=2178"},"modified":"2024-02-20T11:57:36","modified_gmt":"2024-02-20T11:57:36","slug":"cpd-kabelbinder-22-0","status":"publish","type":"product","link":"https:\/\/solutions.unex.net\/de\/product\/cpd-kabelbinder-22-0\/","title":{"rendered":"Kabelbinder 22-0"},"content":{"rendered":"","protected":true},"featured_media":301,"template":"","category-product":[48],"class_list":["post-2178","product","type-product","status-publish","post-password-required","hentry","category-product-data-solutions"],"acf":[],"yoast_head":"<!-- This site is optimized with the Yoast SEO plugin v27.3 - https:\/\/yoast.com\/product\/yoast-seo-wordpress\/ -->\n<title>Unex Kabelbinder 22 f\u00fcr Innen- und Au\u00dfenbereiche von Data Centern<\/title>\n<meta name=\"description\" content=\"Kabelbinder f\u00fcr den Au\u00dfenbereich zum B\u00fcndeln von Kabeln und Rohren. Gute Witterungs- und UV-Best\u00e4ndigkeit. Halogenfreies Material.\" \/>\n<meta name=\"robots\" content=\"noindex, follow, max-snippet:-1, max-image-preview:large, max-video-preview:-1\" \/>\n<meta property=\"og:locale\" content=\"de_DE\" \/>\n<meta property=\"og:type\" content=\"article\" \/>\n<meta property=\"og:title\" content=\"Unex Kabelbinder 22 f\u00fcr Innen- und Au\u00dfenbereiche von Data Centern\" \/>\n<meta property=\"og:description\" content=\"Kabelbinder f\u00fcr den Au\u00dfenbereich zum B\u00fcndeln von Kabeln und Rohren. Gute Witterungs- und UV-Best\u00e4ndigkeit. Halogenfreies Material.\" \/>\n<meta property=\"og:url\" content=\"https:\/\/solutions.unex.net\/de\/product\/cpd-kabelbinder-22-0\/\" \/>\n<meta property=\"og:site_name\" content=\"Unex\" \/>\n<meta property=\"article:modified_time\" content=\"2024-02-20T11:57:36+00:00\" \/>\n<meta name=\"twitter:card\" content=\"summary_large_image\" \/>\n<meta name=\"twitter:label1\" content=\"Gesch\u00e4tzte Lesezeit\" \/>\n\t<meta name=\"twitter:data1\" content=\"1\u00a0Minute\" \/>\n<script type=\"application\/ld+json\" class=\"yoast-schema-graph\">{\"@context\":\"https:\\\/\\\/schema.org\",\"@graph\":[{\"@type\":\"WebPage\",\"@id\":\"https:\\\/\\\/solutions.unex.net\\\/de\\\/product\\\/cpd-kabelbinder-22-0\\\/\",\"url\":\"https:\\\/\\\/solutions.unex.net\\\/de\\\/product\\\/cpd-kabelbinder-22-0\\\/\",\"name\":\"Unex Kabelbinder 22 f\u00fcr Innen- und Au\u00dfenbereiche von Data Centern\",\"isPartOf\":{\"@id\":\"https:\\\/\\\/solutions.unex.net\\\/de\\\/#website\"},\"datePublished\":\"2024-01-15T09:35:35+00:00\",\"dateModified\":\"2024-02-20T11:57:36+00:00\",\"breadcrumb\":{\"@id\":\"https:\\\/\\\/solutions.unex.net\\\/de\\\/product\\\/cpd-kabelbinder-22-0\\\/#breadcrumb\"},\"inLanguage\":\"de\"},{\"@type\":\"WebSite\",\"@id\":\"https:\\\/\\\/solutions.unex.net\\\/de\\\/#website\",\"url\":\"https:\\\/\\\/solutions.unex.net\\\/de\\\/\",\"name\":\"Unex\",\"description\":\"Just another WordPress site\",\"potentialAction\":[{\"@type\":\"SearchAction\",\"target\":{\"@type\":\"EntryPoint\",\"urlTemplate\":\"https:\\\/\\\/solutions.unex.net\\\/de\\\/?s={search_term_string}\"},\"query-input\":{\"@type\":\"PropertyValueSpecification\",\"valueRequired\":true,\"valueName\":\"search_term_string\"}}],\"inLanguage\":\"de\"}]}<\/script>\n<!-- \/ Yoast SEO plugin. -->","yoast_head_json":{"title":"Unex Kabelbinder 22 f\u00fcr Innen- und Au\u00dfenbereiche von Data Centern","description":"Kabelbinder f\u00fcr den Au\u00dfenbereich zum B\u00fcndeln von Kabeln und Rohren. Gute Witterungs- und UV-Best\u00e4ndigkeit. Halogenfreies Material.","robots":{"index":"noindex","follow":"follow","max-snippet":"max-snippet:-1","max-image-preview":"max-image-preview:large","max-video-preview":"max-video-preview:-1"},"og_locale":"de_DE","og_type":"article","og_title":"Unex Kabelbinder 22 f\u00fcr Innen- und Au\u00dfenbereiche von Data Centern","og_description":"Kabelbinder f\u00fcr den Au\u00dfenbereich zum B\u00fcndeln von Kabeln und Rohren. Gute Witterungs- und UV-Best\u00e4ndigkeit. Halogenfreies Material.","og_url":"https:\/\/solutions.unex.net\/de\/product\/cpd-kabelbinder-22-0\/","og_site_name":"Unex","article_modified_time":"2024-02-20T11:57:36+00:00","twitter_card":"summary_large_image","twitter_misc":{"Gesch\u00e4tzte Lesezeit":"1\u00a0Minute"},"schema":{"@context":"https:\/\/schema.org","@graph":[{"@type":"WebPage","@id":"https:\/\/solutions.unex.net\/de\/product\/cpd-kabelbinder-22-0\/","url":"https:\/\/solutions.unex.net\/de\/product\/cpd-kabelbinder-22-0\/","name":"Unex Kabelbinder 22 f\u00fcr Innen- und Au\u00dfenbereiche von Data Centern","isPartOf":{"@id":"https:\/\/solutions.unex.net\/de\/#website"},"datePublished":"2024-01-15T09:35:35+00:00","dateModified":"2024-02-20T11:57:36+00:00","breadcrumb":{"@id":"https:\/\/solutions.unex.net\/de\/product\/cpd-kabelbinder-22-0\/#breadcrumb"},"inLanguage":"de"},{"@type":"WebSite","@id":"https:\/\/solutions.unex.net\/de\/#website","url":"https:\/\/solutions.unex.net\/de\/","name":"Unex","description":"Just another WordPress site","potentialAction":[{"@type":"SearchAction","target":{"@type":"EntryPoint","urlTemplate":"https:\/\/solutions.unex.net\/de\/?s={search_term_string}"},"query-input":{"@type":"PropertyValueSpecification","valueRequired":true,"valueName":"search_term_string"}}],"inLanguage":"de"}]}},"_links":{"self":[{"href":"https:\/\/solutions.unex.net\/de\/wp-json\/wp\/v2\/product\/2178","targetHints":{"allow":["GET"]}}],"collection":[{"href":"https:\/\/solutions.unex.net\/de\/wp-json\/wp\/v2\/product"}],"about":[{"href":"https:\/\/solutions.unex.net\/de\/wp-json\/wp\/v2\/types\/product"}],"wp:featuredmedia":[{"embeddable":true,"href":"https:\/\/solutions.unex.net\/de\/wp-json\/wp\/v2\/media\/301"}],"wp:attachment":[{"href":"https:\/\/solutions.unex.net\/de\/wp-json\/wp\/v2\/media?parent=2178"}],"wp:term":[{"taxonomy":"category-product","embeddable":true,"href":"https:\/\/solutions.unex.net\/de\/wp-json\/wp\/v2\/category-product?post=2178"}],"curies":[{"name":"wp","href":"https:\/\/api.w.org\/{rel}","templated":true}]}}